{"id":5710,"date":"2025-01-27T17:52:52","date_gmt":"2025-01-27T17:52:52","guid":{"rendered":"https:\/\/www.hotelcitymb.si\/fitness\/"},"modified":"2026-01-08T13:12:24","modified_gmt":"2026-01-08T13:12:24","slug":"fitness","status":"publish","type":"page","link":"https:\/\/www.hotelcitymb.si\/de\/fitness\/","title":{"rendered":"Fitness"},"content":{"rendered":"\t\t<div data-elementor-type=\"wp-page\" data-elementor-id=\"5710\" class=\"elementor elementor-5710 elementor-2505\">\n\t\t\t\t<div class=\"elementor-element elementor-element-2bfff96f e-con-full e-flex e-con e-parent\" data-id=\"2bfff96f\" data-element_type=\"container\" data-e-type=\"container\" data-settings=\"{&quot;background_background&quot;:&quot;classic&quot;}\">\n\t\t\t\t<div class=\"elementor-element elementor-element-3232adc3 elementor-widget elementor-widget-patara-banner-image\" data-id=\"3232adc3\" data-element_type=\"widget\" data-e-type=\"widget\" data-widget_type=\"patara-banner-image.default\">\n\t\t\t\t<div class=\"elementor-widget-container\">\n\t\t\t\t\t\t\t\n\t<!-- Header Banner -->\n\t<header class=\"header\">\n\n\t\t\t\t<div class=\"banner-header full-height valign bg-img bg-fixed text-center\" data-overlay-dark=\"6\" data-background=\"https:\/\/www.hotelcitymb.si\/wp-content\/uploads\/2024\/12\/hotel-city-maribor-fitnes-9-1024x683-1.jpg\">\n\t\t\t\t\t\t\t\t\t\t\t\t<div class=\"container\">\n\t\t\t\t\t<div class=\"row\">\n\t\t\t\t\t\t<div class=\"col-md-12 offset-0\">\n\t\t\t\t\t\t\t<div class=\"caption\">\n\n\t\t\t\t\t\t\t\t\t\t\t\t\t\t\t\t\n\t\t\t\t\t\t\t\t\n\t\t\t\t\t\t\t\t\t\t\t\t\t\t\t\t\t\t\t\t\t\t\t\t<h1 class=\"pt-slider-title2-class\">24\/7 Fitnes<\/h1>\n\t\t\t\t\t\t\t\t\t\t\t\t\t\t\t\t\t\t\t\t\t\t\t<\/div>\t\t\t\t\t\t\n\t\t\t\t\t\t<\/div>\t\t\t\t\t\t\n\t\t\t\t\t<\/div>\n\t\t\t\t<\/div>\n\t\t\t\t\t\t\t\t<!-- button scroll -->\n\t\t\t\t<a href=\"#amenities\" data-scroll-nav=\"1\" class=\"mouse smoothscroll\">\n\t\t\t\t\t<span class=\"mouse-icon\">\n\t\t\t\t\t\t<span class=\"mouse-wheel\"><\/span>\n\t\t\t\t\t<\/span>\n\t\t\t\t<\/a>\t\n\t\t\t\t\t\t\t\t\t\n\t\t\t\t\t\t\n        <\/div>\t\t\t\n\t<\/header>\t\t\n\t\t\t\n    \t\t\t\t<\/div>\n\t\t\t\t<\/div>\n\t\t\t\t<\/div>\n\t\t<div class=\"elementor-element elementor-element-ef5fd30 e-flex e-con-boxed e-con e-parent\" data-id=\"ef5fd30\" data-element_type=\"container\" data-e-type=\"container\" data-settings=\"{&quot;background_background&quot;:&quot;classic&quot;}\">\n\t\t\t\t\t<div class=\"e-con-inner\">\n\t\t<div class=\"elementor-element elementor-element-c38ca5f e-con-full e-flex e-con e-child\" data-id=\"c38ca5f\" data-element_type=\"container\" data-e-type=\"container\">\n\t\t\t\t<div class=\"elementor-element elementor-element-386f062 sub-title border-bot-light elementor-widget elementor-widget-heading\" data-id=\"386f062\" data-element_type=\"widget\" data-e-type=\"widget\" data-widget_type=\"heading.default\">\n\t\t\t\t<div class=\"elementor-widget-container\">\n\t\t\t\t\t<h2 class=\"elementor-heading-title elementor-size-default\">Immer verf\u00fcgbar<\/h2>\t\t\t\t<\/div>\n\t\t\t\t<\/div>\n\t\t\t\t<\/div>\n\t\t<div class=\"elementor-element elementor-element-48dde56 e-con-full e-flex e-con e-child\" data-id=\"48dde56\" data-element_type=\"container\" data-e-type=\"container\">\n\t\t\t\t<div class=\"elementor-element elementor-element-ce353b7 elementor-widget elementor-widget-heading\" data-id=\"ce353b7\" data-element_type=\"widget\" data-e-type=\"widget\" data-widget_type=\"heading.default\">\n\t\t\t\t<div class=\"elementor-widget-container\">\n\t\t\t\t\t<h2 class=\"elementor-heading-title elementor-size-default\">Entdecken Sie den 24\/7-Fitnessbereich im Hotel City Maribor****<\/h2>\t\t\t\t<\/div>\n\t\t\t\t<\/div>\n\t\t\t\t<div class=\"elementor-element elementor-element-92b4762 elementor-widget elementor-widget-text-editor\" data-id=\"92b4762\" data-element_type=\"widget\" data-e-type=\"widget\" data-widget_type=\"text-editor.default\">\n\t\t\t\t<div class=\"elementor-widget-container\">\n\t\t\t\t\t\t\t\t\t<div class=\"flex max-w-full flex-col flex-grow\">\n<div class=\"min-h-8 text-message flex w-full flex-col items-end gap-2 whitespace-normal break-words text-start [.text-message+&amp;]:mt-5\" dir=\"auto\" data-message-author-role=\"assistant\" data-message-id=\"c2abf397-463b-4540-bf5b-3de1eba9a2db\" data-message-model-slug=\"gpt-4o\">\n<div class=\"flex w-full flex-col gap-1 empty:hidden first:pt-[3px]\">\n<div class=\"markdown prose w-full break-words dark:prose-invert light\">\n<p>M\u00f6chten Sie auch unterwegs etwas f\u00fcr sich tun? Als Gast des Hotel City Maribor**** steht Ihnen unser Fitnessbereich rund um die Uhr, sieben Tage die Woche, zur Verf\u00fcgung. Nehmen Sie sich Zeit zum Abschalten, Auftanken und f\u00fcr Ihr pers\u00f6nliches Wohlbefinden.<\/p>\n<\/div>\n<\/div>\n<\/div>\n<\/div>\n\t\t\t\t\t\t\t\t<\/div>\n\t\t\t\t<\/div>\n\t\t\t\t<\/div>\n\t\t\t\t\t<\/div>\n\t\t\t\t<\/div>\n\t\t<div class=\"elementor-element elementor-element-967d511 e-flex e-con-boxed e-con e-parent\" data-id=\"967d511\" data-element_type=\"container\" data-e-type=\"container\">\n\t\t\t\t\t<div class=\"e-con-inner\">\n\t\t\t\t<div class=\"elementor-element elementor-element-000f183 elementor-widget elementor-widget-patara-gallery\" data-id=\"000f183\" data-element_type=\"widget\" data-e-type=\"widget\" data-widget_type=\"patara-gallery.default\">\n\t\t\t\t<div class=\"elementor-widget-container\">\n\t\t\t\t\t\t\t\t\t<div class=\"sec-gallery\">\n\t\t\t<div class=\"container-after-gallery\">\n\t\t\t<div class=\"row patara-gallery-items isotope-items-wrap loadmore-wrapper-gallery\" data-load-item=\"10000000\" data-button-text=\"Load More\">\t\n\t\t\t\t\t\t\t\t\t\t\t\t\t\t\t\t\n\t\t\t\t\t<div class=\"col-md-6 patara-masonry-wrapper single-item isotope-item-gallery\">\t\n\t\t\t\t\t\t<div class=\"gallery-item\">\n\t\t\t\t\t\t\t<div class=\"img-card\">\n\t\t\t\t\t\t\t\t<a href=\"https:\/\/www.hotelcitymb.si\/wp-content\/uploads\/2025\/11\/DSC01638-scaled.jpg\"  class=\"img-zoom\">\n\t\t\t\t\t\t\t\t\t<div class=\"img-block\">\n\t\t\t\t\t\t\t\t\t\t<div class=\"wrapper-img\"> <img decoding=\"async\" src=\"https:\/\/www.hotelcitymb.si\/wp-content\/uploads\/2025\/11\/DSC01638-scaled.jpg\" alt=\"\"  class=\"img-fluid mx-auto d-block\"> <\/div>\n\t\t\t\t\t\t\t\t\t\t\t\n\t\t\t\t\t\t\t\t\t<\/div>\t\t\t\t\t\t\t\t\t\n\t\t\t\t\t\t\t\t<\/a>\t\t\t\t\t\t\t\n\t\t\t\t\t\t\t<\/div>\n\t\t\t\t\t\t<\/div>\n\t\t\t\t\t<\/div>\n\t\t\t\t\t\n\t\t\t\t\t\t\t\t\t\t\t\t\t\t\t\t\n\t\t\t\t\t<div class=\"col-md-6 patara-masonry-wrapper single-item isotope-item-gallery\">\t\n\t\t\t\t\t\t<div class=\"gallery-item\">\n\t\t\t\t\t\t\t<div class=\"img-card\">\n\t\t\t\t\t\t\t\t<a href=\"https:\/\/www.hotelcitymb.si\/wp-content\/uploads\/2025\/11\/DSC01636-scaled.jpg\"  class=\"img-zoom\">\n\t\t\t\t\t\t\t\t\t<div class=\"img-block\">\n\t\t\t\t\t\t\t\t\t\t<div class=\"wrapper-img\"> <img decoding=\"async\" src=\"https:\/\/www.hotelcitymb.si\/wp-content\/uploads\/2025\/11\/DSC01636-scaled.jpg\" alt=\"\"  class=\"img-fluid mx-auto d-block\"> <\/div>\n\t\t\t\t\t\t\t\t\t\t\t\n\t\t\t\t\t\t\t\t\t<\/div>\t\t\t\t\t\t\t\t\t\n\t\t\t\t\t\t\t\t<\/a>\t\t\t\t\t\t\t\n\t\t\t\t\t\t\t<\/div>\n\t\t\t\t\t\t<\/div>\n\t\t\t\t\t<\/div>\n\t\t\t\t\t\n\t\t\t\t\t\n\t\t\t<\/div>\t\t\t\t\n\t\t\t<\/div>\t\t\t\t\n\t\t<\/div>\t\t\t\t\n\n        \t\t\t\t<\/div>\n\t\t\t\t<\/div>\n\t\t\t\t\t<\/div>\n\t\t\t\t<\/div>\n\t\t<div class=\"elementor-element elementor-element-1694cae e-flex e-con-boxed e-con e-parent\" data-id=\"1694cae\" data-element_type=\"container\" data-e-type=\"container\" data-settings=\"{&quot;background_background&quot;:&quot;classic&quot;}\">\n\t\t\t\t\t<div class=\"e-con-inner\">\n\t\t<div class=\"elementor-element elementor-element-2393628 e-con-full e-flex e-con e-child\" data-id=\"2393628\" data-element_type=\"container\" data-e-type=\"container\">\n\t\t\t\t<div class=\"elementor-element elementor-element-4cbe2ef sub-title border-bot-light elementor-widget elementor-widget-heading\" data-id=\"4cbe2ef\" data-element_type=\"widget\" data-e-type=\"widget\" data-widget_type=\"heading.default\">\n\t\t\t\t<div class=\"elementor-widget-container\">\n\t\t\t\t\t<h2 class=\"elementor-heading-title elementor-size-default\">K\u00fcmmern Sie sich um Ihre Gesundheit<\/h2>\t\t\t\t<\/div>\n\t\t\t\t<\/div>\n\t\t\t\t<\/div>\n\t\t<div class=\"elementor-element elementor-element-8ffcdbc e-con-full e-flex e-con e-child\" data-id=\"8ffcdbc\" data-element_type=\"container\" data-e-type=\"container\">\n\t\t\t\t<div class=\"elementor-element elementor-element-3be45ff elementor-widget elementor-widget-heading\" data-id=\"3be45ff\" data-element_type=\"widget\" data-e-type=\"widget\" data-widget_type=\"heading.default\">\n\t\t\t\t<div class=\"elementor-widget-container\">\n\t\t\t\t\t<h2 class=\"elementor-heading-title elementor-size-default\">F\u00fcr K\u00f6rper und Geist \u2013 jederzeit<\/h2>\t\t\t\t<\/div>\n\t\t\t\t<\/div>\n\t\t\t\t<div class=\"elementor-element elementor-element-a706722 elementor-widget elementor-widget-text-editor\" data-id=\"a706722\" data-element_type=\"widget\" data-e-type=\"widget\" data-widget_type=\"text-editor.default\">\n\t\t\t\t<div class=\"elementor-widget-container\">\n\t\t\t\t\t\t\t\t\t<div class=\"flex max-w-full flex-col flex-grow\">\n<div class=\"min-h-8 text-message flex w-full flex-col items-end gap-2 whitespace-normal break-words text-start [.text-message+&amp;]:mt-5\" dir=\"auto\" data-message-author-role=\"assistant\" data-message-id=\"c2abf397-463b-4540-bf5b-3de1eba9a2db\" data-message-model-slug=\"gpt-4o\">\n<div class=\"flex w-full flex-col gap-1 empty:hidden first:pt-[3px]\">\n<div class=\"markdown prose w-full break-words dark:prose-invert light\">\n<p>Ob ein morgendliches Training vor dem Fr\u00fchst\u00fcck, eine aktive Einheit zwischendurch oder ein entspannender Ausgleich am Abend nach einem Stadtbummel \u2013 im Hotel City Maribor**** ist alles m\u00f6glich. Unser Fitnessbereich ist mit hochwertigen Ger\u00e4ten ausgestattet und bietet vielf\u00e4ltige Trainingsm\u00f6glichkeiten, ganz nach Ihren individuellen Bed\u00fcrfnissen. G\u00f6nnen Sie sich w\u00e4hrend Ihres Aufenthalts in Maribor bewusst Zeit f\u00fcr sich und Ihre Gesundheit.<\/p>\n<\/div>\n<\/div>\n<\/div>\n<\/div>\n\t\t\t\t\t\t\t\t<\/div>\n\t\t\t\t<\/div>\n\t\t\t\t<div class=\"elementor-element elementor-element-16cba1b elementor-widget elementor-widget-patara-button\" data-id=\"16cba1b\" data-element_type=\"widget\" data-e-type=\"widget\" data-widget_type=\"patara-button.default\">\n\t\t\t\t<div class=\"elementor-widget-container\">\n\t\t\t\t\t\n\t\t<div class=\"float-left\">\n            <div class=\"sec-button butn-dark\"><a href=\"https:\/\/bodifit.net\/centri\/bodifit-city\/\" target=\"_blank\" rel=\"noopener noreferrer\"><span>Ve\u010d o fitnesu<\/span><\/a><\/div>\t\t\n\t\t<\/div>\t\t\n\n        \t\t\t\t<\/div>\n\t\t\t\t<\/div>\n\t\t\t\t<\/div>\n\t\t\t\t\t<\/div>\n\t\t\t\t<\/div>\n\t\t<div class=\"elementor-element elementor-element-c1ed898 elementor-hidden-desktop elementor-hidden-tablet elementor-hidden-mobile e-flex e-con-boxed e-con e-parent\" data-id=\"c1ed898\" data-element_type=\"container\" data-e-type=\"container\" data-settings=\"{&quot;background_background&quot;:&quot;classic&quot;}\">\n\t\t\t\t\t<div class=\"e-con-inner\">\n\t\t<div class=\"elementor-element elementor-element-454366b e-con-full e-flex e-con e-child\" data-id=\"454366b\" data-element_type=\"container\" data-e-type=\"container\">\n\t\t<div class=\"elementor-element elementor-element-0310550 e-con-full e-flex e-con e-child\" data-id=\"0310550\" data-element_type=\"container\" data-e-type=\"container\">\n\t\t\t\t<div class=\"elementor-element elementor-element-987d95a elementor-widget elementor-widget-patara-amenities-grid\" data-id=\"987d95a\" data-element_type=\"widget\" data-e-type=\"widget\" data-widget_type=\"patara-amenities-grid.default\">\n\t\t\t\t<div class=\"elementor-widget-container\">\n\t\t\t\t\t\n\t\t<div class=\"sec-amenities-grid amenities\">\t\n\t\t\t\t\t\t\t<div class=\"item\"> \n\t\t\t\t\t \n\t\t\t\t\t<span class=\"number\">01<\/span>\n\t\t\t\t\t\t\t\t\t\t\t\n\t\t\t\t\t\t<div class=\"icon\"><i class=\"flaticon-world\"><\/i><\/div>\t\n\t\t\t\t\t\t\t\t\t\t\t\t\n\t\t\t\t\t<h5 class=\"pt-amenities-title-class\">Pick Up &amp; Drop\t<\/h5>\n\t\t\t\t\t\t\t\t\t\t<div class=\"section-text\"><p>We\u2019ll pick up from airport while you comfy on your ride, mus nellentesque habitant.<\/p><\/div>\n\t\t\t\t\t\t\n\t\t\t\t<\/div>\t\t\t\t\n\t\t\t\t\t<\/div>\t\t\n\n        \t\t\t\t<\/div>\n\t\t\t\t<\/div>\n\t\t\t\t<div class=\"elementor-element elementor-element-19d4099 elementor-widget elementor-widget-patara-amenities-grid\" data-id=\"19d4099\" data-element_type=\"widget\" data-e-type=\"widget\" data-widget_type=\"patara-amenities-grid.default\">\n\t\t\t\t<div class=\"elementor-widget-container\">\n\t\t\t\t\t\n\t\t<div class=\"sec-amenities-grid amenities\">\t\n\t\t\t\t\t\t\t<div class=\"item\"> \n\t\t\t\t\t \n\t\t\t\t\t<span class=\"number\">04<\/span>\n\t\t\t\t\t\t\t\t\t\t\t\n\t\t\t\t\t\t<div class=\"icon\"><i class=\"flaticon-swimming\"><\/i><\/div>\t\n\t\t\t\t\t\t\t\t\t\t\t\t\n\t\t\t\t\t<h5 class=\"pt-amenities-title-class\">Swimming Pool\t<\/h5>\n\t\t\t\t\t\t\t\t\t\t<div class=\"section-text\"><p>Swimming pool tincidunt nise ace park norttito sit space, mus nellentesque habitant.<\/p><\/div>\n\t\t\t\t\t\t\n\t\t\t\t<\/div>\t\t\t\t\n\t\t\t\t\t<\/div>\t\t\n\n        \t\t\t\t<\/div>\n\t\t\t\t<\/div>\n\t\t\t\t<\/div>\n\t\t<div class=\"elementor-element elementor-element-0498df0 e-con-full e-flex e-con e-child\" data-id=\"0498df0\" data-element_type=\"container\" data-e-type=\"container\">\n\t\t\t\t<div class=\"elementor-element elementor-element-39f5824 elementor-widget elementor-widget-patara-amenities-grid\" data-id=\"39f5824\" data-element_type=\"widget\" data-e-type=\"widget\" data-widget_type=\"patara-amenities-grid.default\">\n\t\t\t\t<div class=\"elementor-widget-container\">\n\t\t\t\t\t\n\t\t<div class=\"sec-amenities-grid amenities\">\t\n\t\t\t\t\t\t\t<div class=\"item\"> \n\t\t\t\t\t \n\t\t\t\t\t<span class=\"number\">02<\/span>\n\t\t\t\t\t\t\t\t\t\t\t\n\t\t\t\t\t\t<div class=\"icon\"><i class=\"flaticon-car\"><\/i><\/div>\t\n\t\t\t\t\t\t\t\t\t\t\t\t\n\t\t\t\t\t<h5 class=\"pt-amenities-title-class\">Parking Space\t<\/h5>\n\t\t\t\t\t\t\t\t\t\t<div class=\"section-text\"><p>Fusce tincidunt nis ace park norttito sit amet space, mus nellentesque habitant.<\/p><\/div>\n\t\t\t\t\t\t\n\t\t\t\t<\/div>\t\t\t\t\n\t\t\t\t\t<\/div>\t\t\n\n        \t\t\t\t<\/div>\n\t\t\t\t<\/div>\n\t\t\t\t<div class=\"elementor-element elementor-element-536514d elementor-widget elementor-widget-patara-amenities-grid\" data-id=\"536514d\" data-element_type=\"widget\" data-e-type=\"widget\" data-widget_type=\"patara-amenities-grid.default\">\n\t\t\t\t<div class=\"elementor-widget-container\">\n\t\t\t\t\t\n\t\t<div class=\"sec-amenities-grid amenities\">\t\n\t\t\t\t\t\t\t<div class=\"item\"> \n\t\t\t\t\t \n\t\t\t\t\t<span class=\"number\">05<\/span>\n\t\t\t\t\t\t\t\t\t\t\t\n\t\t\t\t\t\t<div class=\"icon\"><i class=\"flaticon-wifi\"><\/i><\/div>\t\n\t\t\t\t\t\t\t\t\t\t\t\t\n\t\t\t\t\t<h5 class=\"pt-amenities-title-class\">Fibre Internet\t<\/h5>\n\t\t\t\t\t\t\t\t\t\t<div class=\"section-text\"><p>Wifi tincidunt nis ace park norttito sit amet space, mus nellentesque habitant.<\/p><\/div>\n\t\t\t\t\t\t\n\t\t\t\t<\/div>\t\t\t\t\n\t\t\t\t\t<\/div>\t\t\n\n        \t\t\t\t<\/div>\n\t\t\t\t<\/div>\n\t\t\t\t<\/div>\n\t\t<div class=\"elementor-element elementor-element-574b7e7 e-con-full e-flex e-con e-child\" data-id=\"574b7e7\" data-element_type=\"container\" data-e-type=\"container\">\n\t\t\t\t<div class=\"elementor-element elementor-element-53c624a elementor-widget elementor-widget-patara-amenities-grid\" data-id=\"53c624a\" data-element_type=\"widget\" data-e-type=\"widget\" data-widget_type=\"patara-amenities-grid.default\">\n\t\t\t\t<div class=\"elementor-widget-container\">\n\t\t\t\t\t\n\t\t<div class=\"sec-amenities-grid amenities\">\t\n\t\t\t\t\t\t\t<div class=\"item\"> \n\t\t\t\t\t \n\t\t\t\t\t<span class=\"number\">03<\/span>\n\t\t\t\t\t\t\t\t\t\t\t\n\t\t\t\t\t\t<div class=\"icon\"><i class=\"flaticon-bed\"><\/i><\/div>\t\n\t\t\t\t\t\t\t\t\t\t\t\t\n\t\t\t\t\t<h5 class=\"pt-amenities-title-class\">Room Service\t<\/h5>\n\t\t\t\t\t\t\t\t\t\t<div class=\"section-text\"><p>Room tincidunt nis ace park norttito sit amet space, mus nellentesque habitant.<\/p><\/div>\n\t\t\t\t\t\t\n\t\t\t\t<\/div>\t\t\t\t\n\t\t\t\t\t<\/div>\t\t\n\n        \t\t\t\t<\/div>\n\t\t\t\t<\/div>\n\t\t\t\t<div class=\"elementor-element elementor-element-16562c2 elementor-widget elementor-widget-patara-amenities-grid\" data-id=\"16562c2\" data-element_type=\"widget\" data-e-type=\"widget\" data-widget_type=\"patara-amenities-grid.default\">\n\t\t\t\t<div class=\"elementor-widget-container\">\n\t\t\t\t\t\n\t\t<div class=\"sec-amenities-grid amenities\">\t\n\t\t\t\t\t\t\t<div class=\"item\"> \n\t\t\t\t\t \n\t\t\t\t\t<span class=\"number\">06<\/span>\n\t\t\t\t\t\t\t\t\t\t\t\n\t\t\t\t\t\t<div class=\"icon\"><i class=\"flaticon-breakfast\"><\/i><\/div>\t\n\t\t\t\t\t\t\t\t\t\t\t\t\n\t\t\t\t\t<h5 class=\"pt-amenities-title-class\">Breakfast\t<\/h5>\n\t\t\t\t\t\t\t\t\t\t<div class=\"section-text\"><p>Eat tincidunt nisa ace park norttito sit amet space, mus nellentesque habitant<\/p><\/div>\n\t\t\t\t\t\t\n\t\t\t\t<\/div>\t\t\t\t\n\t\t\t\t\t<\/div>\t\t\n\n        \t\t\t\t<\/div>\n\t\t\t\t<\/div>\n\t\t\t\t<\/div>\n\t\t\t\t<\/div>\n\t\t\t\t\t<\/div>\n\t\t\t\t<\/div>\n\t\t\t\t<\/div>\n\t\t","protected":false},"excerpt":{"rendered":"<p>24\/7 Fitnes Immer verf\u00fcgbar Entdecken Sie den 24\/7-Fitnessbereich im Hotel City Maribor**** M\u00f6chten Sie auch unterwegs etwas f\u00fcr sich tun? Als Gast des Hotel City Maribor**** steht Ihnen unser Fitnessbereich rund um die Uhr, sieben Tage die Woche, zur Verf\u00fcgung. Nehmen Sie sich Zeit zum Abschalten, Auftanken und f\u00fcr Ihr pers\u00f6nliches Wohlbefinden. K\u00fcmmern Sie sich um Ihre Gesundheit F\u00fcr K\u00f6rper<\/p>\n","protected":false},"author":1,"featured_media":0,"parent":0,"menu_order":0,"comment_status":"closed","ping_status":"closed","template":"","meta":{"footnotes":"","_links_to":"","_links_to_target":""},"class_list":["post-5710","page","type-page","status-publish","hentry"],"yoast_head":"<!-- This site is optimized with the Yoast SEO plugin v27.3 - https:\/\/yoast.com\/product\/yoast-seo-wordpress\/ -->\n<title>Fitness - Hotel City Maribor<\/title>\n<meta name=\"robots\" content=\"index, follow, max-snippet:-1, max-image-preview:large, max-video-preview:-1\" \/>\n<link rel=\"canonical\" href=\"https:\/\/www.hotelcitymb.si\/de\/fitness\/\" \/>\n<meta property=\"og:locale\" content=\"de_DE\" \/>\n<meta property=\"og:type\" content=\"article\" \/>\n<meta property=\"og:title\" content=\"Fitness - Hotel City Maribor\" \/>\n<meta property=\"og:description\" content=\"24\/7 Fitnes Immer verf\u00fcgbar Entdecken Sie den 24\/7-Fitnessbereich im Hotel City Maribor**** M\u00f6chten Sie auch unterwegs etwas f\u00fcr sich tun? Als Gast des Hotel City Maribor**** steht Ihnen unser Fitnessbereich rund um die Uhr, sieben Tage die Woche, zur Verf\u00fcgung. Nehmen Sie sich Zeit zum Abschalten, Auftanken und f\u00fcr Ihr pers\u00f6nliches Wohlbefinden. K\u00fcmmern Sie sich um Ihre Gesundheit F\u00fcr K\u00f6rper\" \/>\n<meta property=\"og:url\" content=\"https:\/\/www.hotelcitymb.si\/de\/fitness\/\" \/>\n<meta property=\"og:site_name\" content=\"Hotel City Maribor\" \/>\n<meta property=\"article:publisher\" content=\"https:\/\/www.facebook.com\/hotelcitymb\" \/>\n<meta property=\"article:modified_time\" content=\"2026-01-08T13:12:24+00:00\" \/>\n<meta property=\"og:image\" content=\"https:\/\/www.hotelcitymb.si\/wp-content\/uploads\/2025\/11\/DSC01638-scaled.jpg\" \/>\n<meta name=\"twitter:card\" content=\"summary_large_image\" \/>\n<meta name=\"twitter:label1\" content=\"Gesch\u00e4tzte Lesezeit\" \/>\n\t<meta name=\"twitter:data1\" content=\"2\u00a0Minuten\" \/>\n<script type=\"application\/ld+json\" class=\"yoast-schema-graph\">{\"@context\":\"https:\\\/\\\/schema.org\",\"@graph\":[{\"@type\":\"WebPage\",\"@id\":\"https:\\\/\\\/www.hotelcitymb.si\\\/de\\\/fitness\\\/\",\"url\":\"https:\\\/\\\/www.hotelcitymb.si\\\/de\\\/fitness\\\/\",\"name\":\"Fitness - Hotel City Maribor\",\"isPartOf\":{\"@id\":\"https:\\\/\\\/www.hotelcitymb.si\\\/#website\"},\"primaryImageOfPage\":{\"@id\":\"https:\\\/\\\/www.hotelcitymb.si\\\/de\\\/fitness\\\/#primaryimage\"},\"image\":{\"@id\":\"https:\\\/\\\/www.hotelcitymb.si\\\/de\\\/fitness\\\/#primaryimage\"},\"thumbnailUrl\":\"https:\\\/\\\/www.hotelcitymb.si\\\/wp-content\\\/uploads\\\/2025\\\/11\\\/DSC01638-scaled.jpg\",\"datePublished\":\"2025-01-27T17:52:52+00:00\",\"dateModified\":\"2026-01-08T13:12:24+00:00\",\"breadcrumb\":{\"@id\":\"https:\\\/\\\/www.hotelcitymb.si\\\/de\\\/fitness\\\/#breadcrumb\"},\"inLanguage\":\"de\",\"potentialAction\":[{\"@type\":\"ReadAction\",\"target\":[\"https:\\\/\\\/www.hotelcitymb.si\\\/de\\\/fitness\\\/\"]}]},{\"@type\":\"ImageObject\",\"inLanguage\":\"de\",\"@id\":\"https:\\\/\\\/www.hotelcitymb.si\\\/de\\\/fitness\\\/#primaryimage\",\"url\":\"https:\\\/\\\/www.hotelcitymb.si\\\/wp-content\\\/uploads\\\/2025\\\/11\\\/DSC01638-scaled.jpg\",\"contentUrl\":\"https:\\\/\\\/www.hotelcitymb.si\\\/wp-content\\\/uploads\\\/2025\\\/11\\\/DSC01638-scaled.jpg\"},{\"@type\":\"BreadcrumbList\",\"@id\":\"https:\\\/\\\/www.hotelcitymb.si\\\/de\\\/fitness\\\/#breadcrumb\",\"itemListElement\":[{\"@type\":\"ListItem\",\"position\":1,\"name\":\"Home\",\"item\":\"https:\\\/\\\/www.hotelcitymb.si\\\/de\\\/\"},{\"@type\":\"ListItem\",\"position\":2,\"name\":\"Fitness\"}]},{\"@type\":\"WebSite\",\"@id\":\"https:\\\/\\\/www.hotelcitymb.si\\\/#website\",\"url\":\"https:\\\/\\\/www.hotelcitymb.si\\\/\",\"name\":\"Hotel City Maribor\",\"description\":\"\",\"publisher\":{\"@id\":\"https:\\\/\\\/www.hotelcitymb.si\\\/#organization\"},\"potentialAction\":[{\"@type\":\"SearchAction\",\"target\":{\"@type\":\"EntryPoint\",\"urlTemplate\":\"https:\\\/\\\/www.hotelcitymb.si\\\/?s={search_term_string}\"},\"query-input\":{\"@type\":\"PropertyValueSpecification\",\"valueRequired\":true,\"valueName\":\"search_term_string\"}}],\"inLanguage\":\"de\"},{\"@type\":\"Organization\",\"@id\":\"https:\\\/\\\/www.hotelcitymb.si\\\/#organization\",\"name\":\"Hotel City Maribor\",\"url\":\"https:\\\/\\\/www.hotelcitymb.si\\\/\",\"logo\":{\"@type\":\"ImageObject\",\"inLanguage\":\"de\",\"@id\":\"https:\\\/\\\/www.hotelcitymb.si\\\/#\\\/schema\\\/logo\\\/image\\\/\",\"url\":\"https:\\\/\\\/www.hotelcitymb.si\\\/wp-content\\\/uploads\\\/2024\\\/11\\\/2.svg\",\"contentUrl\":\"https:\\\/\\\/www.hotelcitymb.si\\\/wp-content\\\/uploads\\\/2024\\\/11\\\/2.svg\",\"caption\":\"Hotel City Maribor\"},\"image\":{\"@id\":\"https:\\\/\\\/www.hotelcitymb.si\\\/#\\\/schema\\\/logo\\\/image\\\/\"},\"sameAs\":[\"https:\\\/\\\/www.facebook.com\\\/hotelcitymb\"]}]}<\/script>\n<!-- \/ Yoast SEO plugin. -->","yoast_head_json":{"title":"Fitness - Hotel City Maribor","robots":{"index":"index","follow":"follow","max-snippet":"max-snippet:-1","max-image-preview":"max-image-preview:large","max-video-preview":"max-video-preview:-1"},"canonical":"https:\/\/www.hotelcitymb.si\/de\/fitness\/","og_locale":"de_DE","og_type":"article","og_title":"Fitness - Hotel City Maribor","og_description":"24\/7 Fitnes Immer verf\u00fcgbar Entdecken Sie den 24\/7-Fitnessbereich im Hotel City Maribor**** M\u00f6chten Sie auch unterwegs etwas f\u00fcr sich tun? Als Gast des Hotel City Maribor**** steht Ihnen unser Fitnessbereich rund um die Uhr, sieben Tage die Woche, zur Verf\u00fcgung. Nehmen Sie sich Zeit zum Abschalten, Auftanken und f\u00fcr Ihr pers\u00f6nliches Wohlbefinden. K\u00fcmmern Sie sich um Ihre Gesundheit F\u00fcr K\u00f6rper","og_url":"https:\/\/www.hotelcitymb.si\/de\/fitness\/","og_site_name":"Hotel City Maribor","article_publisher":"https:\/\/www.facebook.com\/hotelcitymb","article_modified_time":"2026-01-08T13:12:24+00:00","og_image":[{"url":"https:\/\/www.hotelcitymb.si\/wp-content\/uploads\/2025\/11\/DSC01638-scaled.jpg","type":"","width":"","height":""}],"twitter_card":"summary_large_image","twitter_misc":{"Gesch\u00e4tzte Lesezeit":"2\u00a0Minuten"},"schema":{"@context":"https:\/\/schema.org","@graph":[{"@type":"WebPage","@id":"https:\/\/www.hotelcitymb.si\/de\/fitness\/","url":"https:\/\/www.hotelcitymb.si\/de\/fitness\/","name":"Fitness - Hotel City Maribor","isPartOf":{"@id":"https:\/\/www.hotelcitymb.si\/#website"},"primaryImageOfPage":{"@id":"https:\/\/www.hotelcitymb.si\/de\/fitness\/#primaryimage"},"image":{"@id":"https:\/\/www.hotelcitymb.si\/de\/fitness\/#primaryimage"},"thumbnailUrl":"https:\/\/www.hotelcitymb.si\/wp-content\/uploads\/2025\/11\/DSC01638-scaled.jpg","datePublished":"2025-01-27T17:52:52+00:00","dateModified":"2026-01-08T13:12:24+00:00","breadcrumb":{"@id":"https:\/\/www.hotelcitymb.si\/de\/fitness\/#breadcrumb"},"inLanguage":"de","potentialAction":[{"@type":"ReadAction","target":["https:\/\/www.hotelcitymb.si\/de\/fitness\/"]}]},{"@type":"ImageObject","inLanguage":"de","@id":"https:\/\/www.hotelcitymb.si\/de\/fitness\/#primaryimage","url":"https:\/\/www.hotelcitymb.si\/wp-content\/uploads\/2025\/11\/DSC01638-scaled.jpg","contentUrl":"https:\/\/www.hotelcitymb.si\/wp-content\/uploads\/2025\/11\/DSC01638-scaled.jpg"},{"@type":"BreadcrumbList","@id":"https:\/\/www.hotelcitymb.si\/de\/fitness\/#breadcrumb","itemListElement":[{"@type":"ListItem","position":1,"name":"Home","item":"https:\/\/www.hotelcitymb.si\/de\/"},{"@type":"ListItem","position":2,"name":"Fitness"}]},{"@type":"WebSite","@id":"https:\/\/www.hotelcitymb.si\/#website","url":"https:\/\/www.hotelcitymb.si\/","name":"Hotel City Maribor","description":"","publisher":{"@id":"https:\/\/www.hotelcitymb.si\/#organization"},"potentialAction":[{"@type":"SearchAction","target":{"@type":"EntryPoint","urlTemplate":"https:\/\/www.hotelcitymb.si\/?s={search_term_string}"},"query-input":{"@type":"PropertyValueSpecification","valueRequired":true,"valueName":"search_term_string"}}],"inLanguage":"de"},{"@type":"Organization","@id":"https:\/\/www.hotelcitymb.si\/#organization","name":"Hotel City Maribor","url":"https:\/\/www.hotelcitymb.si\/","logo":{"@type":"ImageObject","inLanguage":"de","@id":"https:\/\/www.hotelcitymb.si\/#\/schema\/logo\/image\/","url":"https:\/\/www.hotelcitymb.si\/wp-content\/uploads\/2024\/11\/2.svg","contentUrl":"https:\/\/www.hotelcitymb.si\/wp-content\/uploads\/2024\/11\/2.svg","caption":"Hotel City Maribor"},"image":{"@id":"https:\/\/www.hotelcitymb.si\/#\/schema\/logo\/image\/"},"sameAs":["https:\/\/www.facebook.com\/hotelcitymb"]}]}},"meta_box":[],"_links":{"self":[{"href":"https:\/\/www.hotelcitymb.si\/de\/wp-json\/wp\/v2\/pages\/5710","targetHints":{"allow":["GET"]}}],"collection":[{"href":"https:\/\/www.hotelcitymb.si\/de\/wp-json\/wp\/v2\/pages"}],"about":[{"href":"https:\/\/www.hotelcitymb.si\/de\/wp-json\/wp\/v2\/types\/page"}],"author":[{"embeddable":true,"href":"https:\/\/www.hotelcitymb.si\/de\/wp-json\/wp\/v2\/users\/1"}],"replies":[{"embeddable":true,"href":"https:\/\/www.hotelcitymb.si\/de\/wp-json\/wp\/v2\/comments?post=5710"}],"version-history":[{"count":3,"href":"https:\/\/www.hotelcitymb.si\/de\/wp-json\/wp\/v2\/pages\/5710\/revisions"}],"predecessor-version":[{"id":5714,"href":"https:\/\/www.hotelcitymb.si\/de\/wp-json\/wp\/v2\/pages\/5710\/revisions\/5714"}],"wp:attachment":[{"href":"https:\/\/www.hotelcitymb.si\/de\/wp-json\/wp\/v2\/media?parent=5710"}],"curies":[{"name":"wp","href":"https:\/\/api.w.org\/{rel}","templated":true}]}}